{"id":81,"date":"2026-03-29T09:21:24","date_gmt":"2026-03-29T09:21:24","guid":{"rendered":"https:\/\/lejardindesmardelles.fr\/?page_id=81"},"modified":"2026-04-17T18:58:50","modified_gmt":"2026-04-17T18:58:50","slug":"on-parle-de-nous","status":"publish","type":"page","link":"https:\/\/lejardindesmardelles.fr\/index.php\/on-parle-de-nous\/","title":{"rendered":"On parle de nous !"},"content":{"rendered":"\t\t<div data-elementor-type=\"wp-page\" data-elementor-id=\"81\" class=\"elementor elementor-81\">\n\t\t\t\t<div class=\"elementor-element elementor-element-dbe1cd3 e-flex e-con-boxed e-con e-parent\" data-id=\"dbe1cd3\" data-element_type=\"container\" data-e-type=\"container\">\n\t\t\t\t\t<div class=\"e-con-inner\">\n\t\t\t\t<div class=\"elementor-element elementor-element-164e963 elementor-widget elementor-widget-text-editor\" data-id=\"164e963\" data-element_type=\"widget\" data-e-type=\"widget\" data-widget_type=\"text-editor.default\">\n\t\t\t\t\t\t\t\t\t<p>Notre p\u00e9pini\u00e8re \u00ab\u00a0Le Jardin des Mardelles\u00a0\u00bb fait parler d&rsquo;elle !<br \/>Retrouver chez nous : plantes en pot de l\u00e9gumes, aromatiques et fleurs comestibles pour votre jardin.<br \/>Et vive le potager !<\/p><p>Commune concern\u00e9es :<br \/>Le Luart, Conn\u00e9rre, Beill\u00e9, Tuff\u00e9, Bo\u00ebss\u00e9-le-Sec, Sceaux-sur-Huisne, Saint-Ma\u00efxen, Lavar\u00e9, Dollon, Saint-Michel-de-Chavaignes, Thorign\u00e9-sur-du\u00e9, Fert\u00e9-Bernard, Cherr\u00e9-Au, Courgenard, Champrond, Vibraye, Bouloire, Le Breil-sur-M\u00e9rize, Montfort-le-Gesnois, Lombron<\/p>\t\t\t\t\t\t\t\t<\/div>\n\t\t\t\t\t<\/div>\n\t\t\t\t<\/div>\n\t\t<div class=\"elementor-element elementor-element-143b0d3 e-flex e-con-boxed e-con e-parent\" data-id=\"143b0d3\" data-element_type=\"container\" data-e-type=\"container\">\n\t\t\t\t\t<div class=\"e-con-inner\">\n\t\t\t\t<div class=\"elementor-element elementor-element-811c1f4 elementor-widget elementor-widget-image\" data-id=\"811c1f4\" data-element_type=\"widget\" data-e-type=\"widget\" data-widget_type=\"image.default\">\n\t\t\t\t\t\t\t\t\t\t\t\t\t\t\t<img fetchpriority=\"high\" decoding=\"async\" width=\"366\" height=\"138\" src=\"https:\/\/lejardindesmardelles.fr\/wp-content\/uploads\/2026\/03\/Maine-libre.png\" class=\"attachment-large size-large wp-image-85\" alt=\"\" srcset=\"https:\/\/lejardindesmardelles.fr\/wp-content\/uploads\/2026\/03\/Maine-libre.png 366w, https:\/\/lejardindesmardelles.fr\/wp-content\/uploads\/2026\/03\/Maine-libre-300x113.png 300w\" sizes=\"(max-width: 366px) 100vw, 366px\" \/>\t\t\t\t\t\t\t\t\t\t\t\t\t\t\t<\/div>\n\t\t\t\t<div class=\"elementor-element elementor-element-d61c10d elementor-widget elementor-widget-heading\" data-id=\"d61c10d\" data-element_type=\"widget\" data-e-type=\"widget\" data-widget_type=\"heading.default\">\n\t\t\t\t\t<h2 class=\"elementor-heading-title elementor-size-default\">Ils ouvrent leur p\u00e9pini\u00e8re<\/h2>\t\t\t\t<\/div>\n\t\t\t\t<div class=\"elementor-element elementor-element-b977f4d elementor-widget elementor-widget-text-editor\" data-id=\"b977f4d\" data-element_type=\"widget\" data-e-type=\"widget\" data-widget_type=\"text-editor.default\">\n\t\t\t\t\t\t\t\t\t<p><a href=\"https:\/\/lejardindesmardelles.fr\/wp-content\/uploads\/2026\/03\/article-Maine-libre.pdf\" target=\"_blank\" rel=\"noopener\">Publi\u00e9 le 28\/03\/2026<\/a><br \/><a href=\"https:\/\/lejardindesmardelles.fr\/wp-content\/uploads\/2026\/03\/article-Maine-libre.pdf\" target=\"_blank\" rel=\"noopener\">Cliquer ici pour consulter l&rsquo;article PDF<\/a><br \/><a href=\"https:\/\/www.facebook.com\/lemainelibre\/posts\/%C3%A0-quelques-jours-de-louverture-ils-reviennent-sur-leur-parcours-pour-le-maine-li\/1886919285594580\/\" target=\"_blank\" rel=\"noopener\">Cliquer ici pour consulter le post Facebook<\/a><br \/><a href=\"https:\/\/www.ouest-france.fr\/premium\/journal\/journal-le-maine-libre\/2026-03-28\/?edition=le-journal-de-la-sarthe\" target=\"_blank\" rel=\"noopener\">Cliquer ici pour consulter l&rsquo;article en ligne<\/a><\/p>\t\t\t\t\t\t\t\t<\/div>\n\t\t\t\t<div class=\"elementor-element elementor-element-7034b69 elementor-widget elementor-widget-text-editor\" data-id=\"7034b69\" data-element_type=\"widget\" data-e-type=\"widget\" data-widget_type=\"text-editor.default\">\n\t\t\t\t\t\t\t\t\t<p>_______________________________________________________________<\/p>\t\t\t\t\t\t\t\t<\/div>\n\t\t\t\t\t<\/div>\n\t\t\t\t<\/div>\n\t\t<div class=\"elementor-element elementor-element-8f213fa e-flex e-con-boxed e-con e-parent\" data-id=\"8f213fa\" data-element_type=\"container\" data-e-type=\"container\">\n\t\t\t\t\t<div class=\"e-con-inner\">\n\t\t\t\t<div class=\"elementor-element elementor-element-4c35e21 elementor-widget elementor-widget-image\" data-id=\"4c35e21\" data-element_type=\"widget\" data-e-type=\"widget\" data-widget_type=\"image.default\">\n\t\t\t\t\t\t\t\t\t\t\t\t\t\t\t<img decoding=\"async\" width=\"389\" height=\"129\" src=\"https:\/\/lejardindesmardelles.fr\/wp-content\/uploads\/2026\/03\/Ouest-France.png\" class=\"attachment-large size-large wp-image-82\" alt=\"\" srcset=\"https:\/\/lejardindesmardelles.fr\/wp-content\/uploads\/2026\/03\/Ouest-France.png 389w, https:\/\/lejardindesmardelles.fr\/wp-content\/uploads\/2026\/03\/Ouest-France-300x99.png 300w\" sizes=\"(max-width: 389px) 100vw, 389px\" \/>\t\t\t\t\t\t\t\t\t\t\t\t\t\t\t<\/div>\n\t\t\t\t<div class=\"elementor-element elementor-element-954fb7d elementor-widget elementor-widget-heading\" data-id=\"954fb7d\" data-element_type=\"widget\" data-e-type=\"widget\" data-widget_type=\"heading.default\">\n\t\t\t\t\t<h2 class=\"elementor-heading-title elementor-size-default\">Ils ont tout quitt\u00e9 pour un tour de France \u00e0 v\u00e9lo et s\u2019installent finalement en Sarthe pour lancer une p\u00e9pini\u00e8re bio<\/h2>\t\t\t\t<\/div>\n\t\t\t\t<div class=\"elementor-element elementor-element-5ac66f3 elementor-widget elementor-widget-text-editor\" data-id=\"5ac66f3\" data-element_type=\"widget\" data-e-type=\"widget\" data-widget_type=\"text-editor.default\">\n\t\t\t\t\t\t\t\t\t<p><a href=\"https:\/\/www.ouest-france.fr\/economie\/agriculture\/agriculture-biologique\/ils-ont-tout-quitte-pour-un-tour-de-france-a-velo-et-sinstallent-finalement-en-sarthe-pour-lancer-une-pepiniere-bio-333fe990-22d0-11f1-8171-c156e9f33f15\" target=\"_blank\" rel=\"noopener\">Publi\u00e9 le 19\/03\/2026<\/a><br \/><a href=\"https:\/\/www.ouest-france.fr\/economie\/agriculture\/agriculture-biologique\/ils-ont-tout-quitte-pour-un-tour-de-france-a-velo-et-sinstallent-finalement-en-sarthe-pour-lancer-une-pepiniere-bio-333fe990-22d0-11f1-8171-c156e9f33f15\" target=\"_blank\" rel=\"noopener\">Cliquer ici\u00a0 pour consulter l&rsquo;article en ligne<\/a><\/p>\t\t\t\t\t\t\t\t<\/div>\n\t\t\t\t<div class=\"elementor-element elementor-element-0719544 elementor-widget elementor-widget-text-editor\" data-id=\"0719544\" data-element_type=\"widget\" data-e-type=\"widget\" data-widget_type=\"text-editor.default\">\n\t\t\t\t\t\t\t\t\t<p>_______________________________________________________________<\/p>\t\t\t\t\t\t\t\t<\/div>\n\t\t\t\t\t<\/div>\n\t\t\t\t<\/div>\n\t\t<div class=\"elementor-element elementor-element-75caa77 e-flex e-con-boxed e-con e-parent\" data-id=\"75caa77\" data-element_type=\"container\" data-e-type=\"container\">\n\t\t\t\t\t<div class=\"e-con-inner\">\n\t\t\t\t<div class=\"elementor-element elementor-element-81560a0 elementor-widget elementor-widget-image\" data-id=\"81560a0\" data-element_type=\"widget\" data-e-type=\"widget\" data-widget_type=\"image.default\">\n\t\t\t\t\t\t\t\t\t\t\t\t\t\t\t<img decoding=\"async\" width=\"528\" height=\"95\" src=\"https:\/\/lejardindesmardelles.fr\/wp-content\/uploads\/2026\/03\/Action-Echo.png\" class=\"attachment-large size-large wp-image-83\" alt=\"\" srcset=\"https:\/\/lejardindesmardelles.fr\/wp-content\/uploads\/2026\/03\/Action-Echo.png 528w, https:\/\/lejardindesmardelles.fr\/wp-content\/uploads\/2026\/03\/Action-Echo-300x54.png 300w\" sizes=\"(max-width: 528px) 100vw, 528px\" \/>\t\t\t\t\t\t\t\t\t\t\t\t\t\t\t<\/div>\n\t\t\t\t<div class=\"elementor-element elementor-element-15e1df1 elementor-widget elementor-widget-heading\" data-id=\"15e1df1\" data-element_type=\"widget\" data-e-type=\"widget\" data-widget_type=\"heading.default\">\n\t\t\t\t\t<h2 class=\"elementor-heading-title elementor-size-default\">Redonner le go\u00fbt du potager gr\u00e2ce \u00e0 leur p\u00e9pini\u00e8re<\/h2>\t\t\t\t<\/div>\n\t\t\t\t<div class=\"elementor-element elementor-element-b5ddd4b elementor-widget elementor-widget-text-editor\" data-id=\"b5ddd4b\" data-element_type=\"widget\" data-e-type=\"widget\" data-widget_type=\"text-editor.default\">\n\t\t\t\t\t\t\t\t\t<p><a href=\"https:\/\/lejardindesmardelles.fr\/wp-content\/uploads\/2026\/03\/article-Echo-Sarthois.pdf\" target=\"_blank\" rel=\"noopener\">Publi\u00e9 le 13\/03\/2026<\/a><br \/><a href=\"https:\/\/lejardindesmardelles.fr\/wp-content\/uploads\/2026\/03\/article-Echo-Sarthois.pdf\" target=\"_blank\" rel=\"noopener\">Cliquer ici pour consulter l&rsquo;article PDF<\/a><\/p>\t\t\t\t\t\t\t\t<\/div>\n\t\t\t\t<div class=\"elementor-element elementor-element-c940fc4 elementor-widget elementor-widget-text-editor\" data-id=\"c940fc4\" data-element_type=\"widget\" data-e-type=\"widget\" data-widget_type=\"text-editor.default\">\n\t\t\t\t\t\t\t\t\t<p>_______________________________________________________________<\/p>\t\t\t\t\t\t\t\t<\/div>\n\t\t\t\t\t<\/div>\n\t\t\t\t<\/div>\n\t\t\t\t<\/div>\n\t\t","protected":false},"excerpt":{"rendered":"<p>Notre p\u00e9pini\u00e8re \u00ab\u00a0Le Jardin des Mardelles\u00a0\u00bb fait parler d&rsquo;elle !Retrouver chez nous : plantes en pot de l\u00e9gumes, aromatiques et fleurs comestibles pour votre jardin.Et vive le potager ! Commune concern\u00e9es :Le Luart, Conn\u00e9rre, Beill\u00e9, Tuff\u00e9, Bo\u00ebss\u00e9-le-Sec, Sceaux-sur-Huisne, Saint-Ma\u00efxen, Lavar\u00e9, Dollon, Saint-Michel-de-Chavaignes, Thorign\u00e9-sur-du\u00e9, Fert\u00e9-Bernard, Cherr\u00e9-Au, Courgenard, Champrond, Vibraye, Bouloire, Le Breil-sur-M\u00e9rize, Montfort-le-Gesnois, Lombron Ils ouvrent [&hellip;]<\/p>\n","protected":false},"author":1,"featured_media":0,"parent":0,"menu_order":0,"comment_status":"closed","ping_status":"closed","template":"","meta":{"footnotes":""},"class_list":["post-81","page","type-page","status-publish","hentry"],"yoast_head":"<!-- This site is optimized with the Yoast SEO plugin v27.3 - https:\/\/yoast.com\/product\/yoast-seo-wordpress\/ -->\n<title>On parle de nous ! - Le Jardin des Mardelles<\/title>\n<meta name=\"robots\" content=\"index, follow, max-snippet:-1, max-image-preview:large, max-video-preview:-1\" \/>\n<link rel=\"canonical\" href=\"https:\/\/lejardindesmardelles.fr\/index.php\/on-parle-de-nous\/\" \/>\n<meta property=\"og:locale\" content=\"fr_FR\" \/>\n<meta property=\"og:type\" content=\"article\" \/>\n<meta property=\"og:title\" content=\"On parle de nous ! - Le Jardin des Mardelles\" \/>\n<meta property=\"og:description\" content=\"Notre p\u00e9pini\u00e8re \u00ab\u00a0Le Jardin des Mardelles\u00a0\u00bb fait parler d&rsquo;elle !Retrouver chez nous : plantes en pot de l\u00e9gumes, aromatiques et fleurs comestibles pour votre jardin.Et vive le potager ! Commune concern\u00e9es :Le Luart, Conn\u00e9rre, Beill\u00e9, Tuff\u00e9, Bo\u00ebss\u00e9-le-Sec, Sceaux-sur-Huisne, Saint-Ma\u00efxen, Lavar\u00e9, Dollon, Saint-Michel-de-Chavaignes, Thorign\u00e9-sur-du\u00e9, Fert\u00e9-Bernard, Cherr\u00e9-Au, Courgenard, Champrond, Vibraye, Bouloire, Le Breil-sur-M\u00e9rize, Montfort-le-Gesnois, Lombron Ils ouvrent [&hellip;]\" \/>\n<meta property=\"og:url\" content=\"https:\/\/lejardindesmardelles.fr\/index.php\/on-parle-de-nous\/\" \/>\n<meta property=\"og:site_name\" content=\"Le Jardin des Mardelles\" \/>\n<meta property=\"article:publisher\" content=\"https:\/\/www.facebook.com\/people\/Le-Jardin-des-Mardelles\/61575180572058\/\" \/>\n<meta property=\"article:modified_time\" content=\"2026-04-17T18:58:50+00:00\" \/>\n<meta property=\"og:image\" content=\"https:\/\/lejardindesmardelles.fr\/wp-content\/uploads\/2026\/03\/Maine-libre.png\" \/>\n\t<meta property=\"og:image:width\" content=\"366\" \/>\n\t<meta property=\"og:image:height\" content=\"138\" \/>\n\t<meta property=\"og:image:type\" content=\"image\/png\" \/>\n<meta name=\"twitter:card\" content=\"summary_large_image\" \/>\n<meta name=\"twitter:label1\" content=\"Dur\u00e9e de lecture estim\u00e9e\" \/>\n\t<meta name=\"twitter:data1\" content=\"1 minute\" \/>\n<script type=\"application\/ld+json\" class=\"yoast-schema-graph\">{\"@context\":\"https:\\\/\\\/schema.org\",\"@graph\":[{\"@type\":\"WebPage\",\"@id\":\"https:\\\/\\\/lejardindesmardelles.fr\\\/index.php\\\/on-parle-de-nous\\\/\",\"url\":\"https:\\\/\\\/lejardindesmardelles.fr\\\/index.php\\\/on-parle-de-nous\\\/\",\"name\":\"On parle de nous ! - Le Jardin des Mardelles\",\"isPartOf\":{\"@id\":\"https:\\\/\\\/lejardindesmardelles.fr\\\/#website\"},\"primaryImageOfPage\":{\"@id\":\"https:\\\/\\\/lejardindesmardelles.fr\\\/index.php\\\/on-parle-de-nous\\\/#primaryimage\"},\"image\":{\"@id\":\"https:\\\/\\\/lejardindesmardelles.fr\\\/index.php\\\/on-parle-de-nous\\\/#primaryimage\"},\"thumbnailUrl\":\"https:\\\/\\\/lejardindesmardelles.fr\\\/wp-content\\\/uploads\\\/2026\\\/03\\\/Maine-libre.png\",\"datePublished\":\"2026-03-29T09:21:24+00:00\",\"dateModified\":\"2026-04-17T18:58:50+00:00\",\"breadcrumb\":{\"@id\":\"https:\\\/\\\/lejardindesmardelles.fr\\\/index.php\\\/on-parle-de-nous\\\/#breadcrumb\"},\"inLanguage\":\"fr-FR\",\"potentialAction\":[{\"@type\":\"ReadAction\",\"target\":[\"https:\\\/\\\/lejardindesmardelles.fr\\\/index.php\\\/on-parle-de-nous\\\/\"]}]},{\"@type\":\"ImageObject\",\"inLanguage\":\"fr-FR\",\"@id\":\"https:\\\/\\\/lejardindesmardelles.fr\\\/index.php\\\/on-parle-de-nous\\\/#primaryimage\",\"url\":\"https:\\\/\\\/lejardindesmardelles.fr\\\/wp-content\\\/uploads\\\/2026\\\/03\\\/Maine-libre.png\",\"contentUrl\":\"https:\\\/\\\/lejardindesmardelles.fr\\\/wp-content\\\/uploads\\\/2026\\\/03\\\/Maine-libre.png\",\"width\":366,\"height\":138},{\"@type\":\"BreadcrumbList\",\"@id\":\"https:\\\/\\\/lejardindesmardelles.fr\\\/index.php\\\/on-parle-de-nous\\\/#breadcrumb\",\"itemListElement\":[{\"@type\":\"ListItem\",\"position\":1,\"name\":\"Accueil\",\"item\":\"https:\\\/\\\/lejardindesmardelles.fr\\\/\"},{\"@type\":\"ListItem\",\"position\":2,\"name\":\"On parle de nous !\"}]},{\"@type\":\"WebSite\",\"@id\":\"https:\\\/\\\/lejardindesmardelles.fr\\\/#website\",\"url\":\"https:\\\/\\\/lejardindesmardelles.fr\\\/\",\"name\":\"Le Jardin des Mardelles\",\"description\":\"Vendredi et Samedis : 10h-13h et 15h-19h et tous les jours sur rendez-vous!\",\"publisher\":{\"@id\":\"https:\\\/\\\/lejardindesmardelles.fr\\\/#organization\"},\"potentialAction\":[{\"@type\":\"SearchAction\",\"target\":{\"@type\":\"EntryPoint\",\"urlTemplate\":\"https:\\\/\\\/lejardindesmardelles.fr\\\/?s={search_term_string}\"},\"query-input\":{\"@type\":\"PropertyValueSpecification\",\"valueRequired\":true,\"valueName\":\"search_term_string\"}}],\"inLanguage\":\"fr-FR\"},{\"@type\":\"Organization\",\"@id\":\"https:\\\/\\\/lejardindesmardelles.fr\\\/#organization\",\"name\":\"Le Jardin des Mardelles\",\"url\":\"https:\\\/\\\/lejardindesmardelles.fr\\\/\",\"logo\":{\"@type\":\"ImageObject\",\"inLanguage\":\"fr-FR\",\"@id\":\"https:\\\/\\\/lejardindesmardelles.fr\\\/#\\\/schema\\\/logo\\\/image\\\/\",\"url\":\"https:\\\/\\\/lejardindesmardelles.fr\\\/wp-content\\\/uploads\\\/2026\\\/01\\\/490670189_3871773956420794_7728393727738784788_n.jpg\",\"contentUrl\":\"https:\\\/\\\/lejardindesmardelles.fr\\\/wp-content\\\/uploads\\\/2026\\\/01\\\/490670189_3871773956420794_7728393727738784788_n.jpg\",\"width\":500,\"height\":500,\"caption\":\"Le Jardin des Mardelles\"},\"image\":{\"@id\":\"https:\\\/\\\/lejardindesmardelles.fr\\\/#\\\/schema\\\/logo\\\/image\\\/\"},\"sameAs\":[\"https:\\\/\\\/www.facebook.com\\\/people\\\/Le-Jardin-des-Mardelles\\\/61575180572058\\\/\"]}]}<\/script>\n<!-- \/ Yoast SEO plugin. -->","yoast_head_json":{"title":"On parle de nous ! - Le Jardin des Mardelles","robots":{"index":"index","follow":"follow","max-snippet":"max-snippet:-1","max-image-preview":"max-image-preview:large","max-video-preview":"max-video-preview:-1"},"canonical":"https:\/\/lejardindesmardelles.fr\/index.php\/on-parle-de-nous\/","og_locale":"fr_FR","og_type":"article","og_title":"On parle de nous ! - Le Jardin des Mardelles","og_description":"Notre p\u00e9pini\u00e8re \u00ab\u00a0Le Jardin des Mardelles\u00a0\u00bb fait parler d&rsquo;elle !Retrouver chez nous : plantes en pot de l\u00e9gumes, aromatiques et fleurs comestibles pour votre jardin.Et vive le potager ! Commune concern\u00e9es :Le Luart, Conn\u00e9rre, Beill\u00e9, Tuff\u00e9, Bo\u00ebss\u00e9-le-Sec, Sceaux-sur-Huisne, Saint-Ma\u00efxen, Lavar\u00e9, Dollon, Saint-Michel-de-Chavaignes, Thorign\u00e9-sur-du\u00e9, Fert\u00e9-Bernard, Cherr\u00e9-Au, Courgenard, Champrond, Vibraye, Bouloire, Le Breil-sur-M\u00e9rize, Montfort-le-Gesnois, Lombron Ils ouvrent [&hellip;]","og_url":"https:\/\/lejardindesmardelles.fr\/index.php\/on-parle-de-nous\/","og_site_name":"Le Jardin des Mardelles","article_publisher":"https:\/\/www.facebook.com\/people\/Le-Jardin-des-Mardelles\/61575180572058\/","article_modified_time":"2026-04-17T18:58:50+00:00","og_image":[{"width":366,"height":138,"url":"https:\/\/lejardindesmardelles.fr\/wp-content\/uploads\/2026\/03\/Maine-libre.png","type":"image\/png"}],"twitter_card":"summary_large_image","twitter_misc":{"Dur\u00e9e de lecture estim\u00e9e":"1 minute"},"schema":{"@context":"https:\/\/schema.org","@graph":[{"@type":"WebPage","@id":"https:\/\/lejardindesmardelles.fr\/index.php\/on-parle-de-nous\/","url":"https:\/\/lejardindesmardelles.fr\/index.php\/on-parle-de-nous\/","name":"On parle de nous ! - Le Jardin des Mardelles","isPartOf":{"@id":"https:\/\/lejardindesmardelles.fr\/#website"},"primaryImageOfPage":{"@id":"https:\/\/lejardindesmardelles.fr\/index.php\/on-parle-de-nous\/#primaryimage"},"image":{"@id":"https:\/\/lejardindesmardelles.fr\/index.php\/on-parle-de-nous\/#primaryimage"},"thumbnailUrl":"https:\/\/lejardindesmardelles.fr\/wp-content\/uploads\/2026\/03\/Maine-libre.png","datePublished":"2026-03-29T09:21:24+00:00","dateModified":"2026-04-17T18:58:50+00:00","breadcrumb":{"@id":"https:\/\/lejardindesmardelles.fr\/index.php\/on-parle-de-nous\/#breadcrumb"},"inLanguage":"fr-FR","potentialAction":[{"@type":"ReadAction","target":["https:\/\/lejardindesmardelles.fr\/index.php\/on-parle-de-nous\/"]}]},{"@type":"ImageObject","inLanguage":"fr-FR","@id":"https:\/\/lejardindesmardelles.fr\/index.php\/on-parle-de-nous\/#primaryimage","url":"https:\/\/lejardindesmardelles.fr\/wp-content\/uploads\/2026\/03\/Maine-libre.png","contentUrl":"https:\/\/lejardindesmardelles.fr\/wp-content\/uploads\/2026\/03\/Maine-libre.png","width":366,"height":138},{"@type":"BreadcrumbList","@id":"https:\/\/lejardindesmardelles.fr\/index.php\/on-parle-de-nous\/#breadcrumb","itemListElement":[{"@type":"ListItem","position":1,"name":"Accueil","item":"https:\/\/lejardindesmardelles.fr\/"},{"@type":"ListItem","position":2,"name":"On parle de nous !"}]},{"@type":"WebSite","@id":"https:\/\/lejardindesmardelles.fr\/#website","url":"https:\/\/lejardindesmardelles.fr\/","name":"Le Jardin des Mardelles","description":"Vendredi et Samedis : 10h-13h et 15h-19h et tous les jours sur rendez-vous!","publisher":{"@id":"https:\/\/lejardindesmardelles.fr\/#organization"},"potentialAction":[{"@type":"SearchAction","target":{"@type":"EntryPoint","urlTemplate":"https:\/\/lejardindesmardelles.fr\/?s={search_term_string}"},"query-input":{"@type":"PropertyValueSpecification","valueRequired":true,"valueName":"search_term_string"}}],"inLanguage":"fr-FR"},{"@type":"Organization","@id":"https:\/\/lejardindesmardelles.fr\/#organization","name":"Le Jardin des Mardelles","url":"https:\/\/lejardindesmardelles.fr\/","logo":{"@type":"ImageObject","inLanguage":"fr-FR","@id":"https:\/\/lejardindesmardelles.fr\/#\/schema\/logo\/image\/","url":"https:\/\/lejardindesmardelles.fr\/wp-content\/uploads\/2026\/01\/490670189_3871773956420794_7728393727738784788_n.jpg","contentUrl":"https:\/\/lejardindesmardelles.fr\/wp-content\/uploads\/2026\/01\/490670189_3871773956420794_7728393727738784788_n.jpg","width":500,"height":500,"caption":"Le Jardin des Mardelles"},"image":{"@id":"https:\/\/lejardindesmardelles.fr\/#\/schema\/logo\/image\/"},"sameAs":["https:\/\/www.facebook.com\/people\/Le-Jardin-des-Mardelles\/61575180572058\/"]}]}},"_links":{"self":[{"href":"https:\/\/lejardindesmardelles.fr\/index.php\/wp-json\/wp\/v2\/pages\/81","targetHints":{"allow":["GET"]}}],"collection":[{"href":"https:\/\/lejardindesmardelles.fr\/index.php\/wp-json\/wp\/v2\/pages"}],"about":[{"href":"https:\/\/lejardindesmardelles.fr\/index.php\/wp-json\/wp\/v2\/types\/page"}],"author":[{"embeddable":true,"href":"https:\/\/lejardindesmardelles.fr\/index.php\/wp-json\/wp\/v2\/users\/1"}],"replies":[{"embeddable":true,"href":"https:\/\/lejardindesmardelles.fr\/index.php\/wp-json\/wp\/v2\/comments?post=81"}],"version-history":[{"count":22,"href":"https:\/\/lejardindesmardelles.fr\/index.php\/wp-json\/wp\/v2\/pages\/81\/revisions"}],"predecessor-version":[{"id":165,"href":"https:\/\/lejardindesmardelles.fr\/index.php\/wp-json\/wp\/v2\/pages\/81\/revisions\/165"}],"wp:attachment":[{"href":"https:\/\/lejardindesmardelles.fr\/index.php\/wp-json\/wp\/v2\/media?parent=81"}],"curies":[{"name":"wp","href":"https:\/\/api.w.org\/{rel}","templated":true}]}}